{"id":1812,"date":"2024-10-01T07:05:01","date_gmt":"2024-10-01T06:05:01","guid":{"rendered":"http:\/\/halinagrochowska.pl\/?page_id=1812"},"modified":"2024-11-04T06:17:12","modified_gmt":"2024-11-04T05:17:12","slug":"marcowy-strych","status":"publish","type":"page","link":"https:\/\/halinagrochowska.pl\/?page_id=1812","title":{"rendered":"Marcowy strych"},"content":{"rendered":"\n<figure class=\"wp-block-image size-large is-resized\"><img decoding=\"async\" src=\"https:\/\/halinagrochowska.pl\/wp-content\/uploads\/2024\/10\/marcowy-strych1-1024x692.jpg\" alt=\"\" class=\"wp-image-1813\" style=\"width:798px;height:auto\"\/><\/figure>\n\n\n\n\n<h6><strong><span style=\"color: #800080;\"><em>Wybrane fragmenty &#8222;Marcowego strychu&#8221;\u00a0<\/em><\/span><\/strong><\/h6>\n<p>\u00a0<\/p>\n<p><span style=\"color: #000080;\"><em>Po wojnie zdecydowa\u0142a si\u0119 te fakty zatai\u0107<\/em><\/span><\/p>\n<p><span style=\"color: #000080;\"><em>nawet przed m\u0119\u017cem, bo wiedzia\u0142a o tym, \u017ce opowiedziane<\/em><\/span><\/p>\n<p><span style=\"color: #000080;\"><em>zgodnie z prawd\u0105 mog\u0142yby u nadgorliwych i brutalnych<\/em><\/span><\/p>\n<p><span style=\"color: #000080;\"><em>Funkcjonariuszy Ministerstwa Bezpiecze\u0144stwa Publicznego<\/em><\/span><\/p>\n<p><span style=\"color: #000080;\"><em>wywo\u0142a\u0107 podejrzenie o szpiegostwo.<\/em><\/span><\/p>\n<p><em>\u00a0<\/em><\/p>\n<p style=\"text-align: center;\"><em>*<\/em><\/p>\n<p><em>\u00a0<\/em><\/p>\n<p><em>\u2013 Posmakowa\u0142a swoich pieni\u0105\u017ck\u00f3w i natychmiast zapomnia\u0142a,<\/em><\/p>\n<p><em>jak si\u0119 robi makaron.<\/em><\/p>\n<p><em>\u2013 To ta ich moda na r\u00f3wnouprawnienie jest st\u0105d, \u017ce jedna<\/em><\/p>\n<p><em>z drug\u0105 nudzi si\u0119 w domu. Trzeba postara\u0107 si\u0119 o sz\u00f3stk\u0119<\/em><\/p>\n<p><em>dzieci, to nie b\u0119dzie mowy o \u017cadnej emancypacji.<\/em><em>\u00a0<\/em><\/p>\n<p style=\"text-align: center;\"><em>*<\/em><\/p>\n<p><span style=\"color: #000080;\"><em>Jej zdaniem<\/em><\/span><\/p>\n<p><span style=\"color: #000080;\"><em>przej\u015bciowe objawy dorastania nazywane by\u0142y w jej<\/em><\/span><\/p>\n<p><span style=\"color: #000080;\"><em>czasach \u201eciel\u0119cym wiekiem\u201d i powinny ju\u017c przemin\u0105\u0107 jak<\/em><\/span><\/p>\n<p><span style=\"color: #000080;\"><em>dzieci\u0119ca choroba, na przyk\u0142ad odra. Ta teoria mia\u0142a zastosowanie<\/em><\/span><\/p>\n<p><span style=\"color: #000080;\"><em>w m\u0142odo\u015bci babci, kiedy dziewcz\u0119ta w wieku<\/em><\/span><\/p>\n<p><span style=\"color: #000080;\"><em>czternastu \u2013 szesnastu lat by\u0142y wydawane za m\u0105\u017c, a ch\u0142opcy oddawani na nauk\u0119 zawodu lub do terminu.<\/em><\/span><em>\u00a0<\/em><\/p>\n<p style=\"text-align: center;\"><em>*<\/em><\/p>\n<p><em>\u00a0<\/em><em>\u2013 Pani lokatorka musia\u0142a odgania\u0107 natr\u0119t\u00f3w?<\/em><\/p>\n<p><em>\u2013 Gdzie tam! Tamta to si\u0119 do nich sama smyka\u0142a. P\u00f3\u017aniej<\/em><\/p>\n<p><em>\u015bmiechy by\u0142o s\u0142ycha\u0107 na ca\u0142ej ulicy. Lubi\u0142a mie\u0107 ca\u0142\u0105<\/em><\/p>\n<p><em>zgraj\u0119 absztyfikant\u00f3w wok\u00f3\u0142 siebie.<\/em><\/p>\n<p><em>Ma\u0142gosia w\u0142a\u015bnie dowiedzia\u0142a si\u0119 o tym, \u017ce w jej wieku<\/em><\/p>\n<p><em>nie tylko szko\u0142a jest wa\u017cna, ale trzeba jeszcze upora\u0107 si\u0119<\/em><\/p>\n<p><em>z odganianiem \u201ezgrai ch\u0142opak\u00f3w\u201d przed furtk\u0105<\/em><em>.<\/em><em>\u00a0<\/em><\/p>\n<p style=\"text-align: center;\"><em>*<\/em><em>\u00a0<\/em><\/p>\n<p><span style=\"color: #000080;\"><em>Pod wej\u015bcie na<\/em><\/span><\/p>\n<p><span style=\"color: #000080;\"><em>posesj\u0119, owszem, podchodzili ch\u0142opcy. Zazwyczaj tylko<\/em><\/span><\/p>\n<p><span style=\"color: #000080;\"><em>dw\u00f3ch \u2013 wi\u0119c wcale nie zgraja!<\/em><\/span><em>\u00a0<\/em><\/p>\n<p style=\"text-align: center;\"><em>*<\/em><em>\u00a0<\/em><\/p>\n<p><em>\u2013 Nie powinno w kazaniach by\u0107 a\u017c tyle wzywania do<\/em><\/p>\n<p><em>walki z wrogiem \u2013 podsumowa\u0142a Marzena dzisiejsze kazanie.<\/em><\/p>\n<p><em>\u2013 Wol\u0119, jak jest o wdzi\u0119czno\u015bci do Boga za uczciwie<\/em><\/p>\n<p><em>zapracowany chleb powszedni<\/em><em>.<\/em><em>\u00a0<\/em><\/p>\n<p style=\"text-align: center;\"><em>*<\/em><\/p>\n<p><em>\u00a0<\/em><span style=\"color: #000080;\"><em>\u2013 Parlament i sejm to te miejsca \u2013 t\u0142umaczy\u0142 ojciec \u2013<\/em><\/span><\/p>\n<p><span style=\"color: #000080;\"><em>gdzie zbieraj\u0105 si\u0119 rz\u0105dz\u0105cy, \u017ceby dyskutowa\u0107, czyli przekonywa\u0107<\/em><\/span><\/p>\n<p><span style=\"color: #000080;\"><em>do swoich racji. Poniewa\u017c ka\u017cdy z nich uwa\u017ca si\u0119 za<\/em><\/span><\/p>\n<p><span style=\"color: #000080;\"><em>m\u0105drzejszego od wszystkich pozosta\u0142ych, obrady bywaj\u0105<\/em><\/span><\/p>\n<p><span style=\"color: #000080;\"><em>ha\u0142a\u015bliwe i d\u0142ugie. W\u0142a\u015bnie takie, jak to \u0107wierkanie ptactwa,<\/em><\/span><\/p>\n<p><span style=\"color: #000080;\"><em>kt\u00f3re w maju zbiera si\u0119 tutaj z ca\u0142ej Zielonej G\u00f3ry.<\/em><\/span><em>\u00a0<\/em><\/p>\n<p style=\"text-align: center;\"><em>*<\/em><em>\u00a0<\/em><\/p>\n<p><em>\u2013 P\u00f3\u017aniej, jak pani Iga przypomnia\u0142a sobie, \u017ce ma na<\/em><\/p>\n<p><em>fajerce ziemniaki, i odesz\u0142a, to zacz\u0119\u0142y j\u0105 obmawia\u0107. Pani<\/em><\/p>\n<p><em>Jasia nazwa\u0142a j\u0105 poczt\u0105, bo ka\u017cd\u0105 wiadomo\u015b\u0107 od razu roznosi.<\/em><\/p>\n<p><em>Potem dalej by\u0142o o niej, \u017ce pani Iga jest jeszcze ca\u0142kiem<\/em><\/p>\n<p><em>warta grzechu kobitka i o tym, \u017ce znalaz\u0142aby sobie<\/em><\/p>\n<p><em>jakie\u015b portki, gdyby si\u0119 tak mocno nie trzyma\u0142a sutanny.<\/em><\/p>\n<p style=\"text-align: center;\"><em>*<\/em><\/p>\n<p><span style=\"color: #000080;\"><em>Dobrze wiedzia\u0142 o tym, \u017ce sto\u0142\u00f3wka karmi nie<\/em><\/span><\/p>\n<p><span style=\"color: #000080;\"><em>tylko swoich go\u015bci i jej pracownik\u00f3w, ale r\u00f3wnie\u017c ich rodziny.<\/em><\/span><\/p>\n<p><span style=\"color: #000080;\"><em>Dop\u00f3ki kucharki zachowywa\u0142y umiar i wynosi\u0142y tylko te resztki,<\/em><\/span><\/p>\n<p><span style=\"color: #000080;\"><em>kt\u00f3re zostawa\u0142y pod wiecz\u00f3r, kierownik nie protestowa\u0142.<\/em><\/span><\/p>\n<p style=\"text-align: center;\"><em>\u00a0*<\/em><\/p>\n<p><em>\u2013 W radio te\u017c m\u00f3wi\u0105 o walce z wrogami ustroju, spekulantami,<\/em><\/p>\n<p><em>zagro\u017ceniu od rewizjonist\u00f3w i jeszcze do tego o wrogich<\/em><\/p>\n<p><em>pa\u0144stwu ludowemu, mami\u0105cych ciemny lud kleryka\u0142ach.<\/em><\/p>\n<p><em>Ostatecznie to ju\u017c nie wiem, czego s\u0142ucha\u0107, kaza\u0144 ksi\u0119dza czy<\/em><\/p>\n<p><em>audycji radiowych. Nie chc\u0119 by\u0107 ani oszukiwana, ani straszona<\/em><\/p>\n<p><em>czy to przez Ko\u015bci\u00f3\u0142, czy to przez W\u0142adz\u0119 Ludow\u0105. Nie<\/em><\/p>\n<p><em>mam tylu szk\u00f3\u0142 uko\u0144czonych, \u017ceby si\u0119 rozezna\u0107, kto ma racj\u0119.<\/em><\/p>\n<p><em>\u2013 Najpierw trzeba si\u0119 zastanowi\u0107, z czego b\u0119dzie obiad \u2013<\/em><\/p>\n<p><em>podsumowa\u0142a dyskusj\u0119 Krystyna Kaleta.<\/em><em>\u00a0<\/em><\/p>\n<p style=\"text-align: center;\"><em>*<\/em><\/p>\n<p><span style=\"color: #000080;\"><em>\u2013 Nie wolno dzisiaj wychodzi\u0107, bo jest niebezpiecznie.<\/em><\/span><\/p>\n<p><span style=\"color: #000080;\"><em>Rozumiesz?<\/em><\/span><\/p>\n<p><span style=\"color: #000080;\"><em>Matka przekr\u0119ci\u0142a trz\u0119s\u0105cymi si\u0119 r\u0119koma klucz w zamku<\/em><\/span><\/p>\n<p><span style=\"color: #000080;\"><em>drzwi wyj\u015bciowych i w\u0142o\u017cy\u0142a go do kieszeni fartucha. Krzy\u015b<\/em><\/span><\/p>\n<p><span style=\"color: #000080;\"><em>zauwa\u017cy\u0142, \u017ce jest mocno wystraszona, co potwierdzi\u0142o zapowiedzi<\/em><\/span><\/p>\n<p><span style=\"color: #000080;\"><em>tamtych ch\u0142opak\u00f3w, \u017ce naprawd\u0119 ma si\u0119 co\u015b dzia\u0107.<\/em><\/span><\/p>\n<p><span style=\"color: #000080;\"><em>Koledzy nie nabierali go, kiedy pobiegli pod ko\u015bci\u00f3\u0142 popatrze\u0107,<\/em><\/span><\/p>\n<p><span style=\"color: #000080;\"><em>jak b\u0119dzie wygl\u0105da\u0142a bitwa o Dom Katolicki. Ch\u0142opiec<\/em><\/span><\/p>\n<p><span style=\"color: #000080;\"><em>uzna\u0142, \u017ce trzeba by\u0142o by\u0107 z nimi, cho\u0107by nie wiem co!<\/em><\/span><em>\u00a0<\/em><\/p>\n<p style=\"text-align: center;\"><em>*<\/em><\/p>\n<p><em>Prowokowanie milicjant\u00f3w i uciekanie przed nimi do znanych<\/em><\/p>\n<p><em>zau\u0142k\u00f3w i podw\u00f3rek sprawia\u0142o im wi\u0119ksz\u0105 frajd\u0119 ni\u017c<\/em><\/p>\n<p><em>zabawy w wojn\u0119 albo w podchody rozgrywane w pobli\u017cu placu<\/em><\/p>\n<p><em>S\u0142owia\u0144skiego. Ch\u0142opcy przekonali si\u0119, \u017ce z milicjantami<\/em><\/p>\n<p><em>mo\u017cna sobie poradzi\u0107, bo przez ochronne kaski, gogle i d\u0142ugie<\/em><\/p>\n<p><em>gumowe p\u0142aszcze nie byli w stanie nikogo dogoni\u0107.<\/em><\/p>\n<p style=\"text-align: center;\"><em>*<\/em><\/p>\n<p><span style=\"color: #000080;\"><em>Z zakrwawionym nosem i spuchni\u0119tymi od uderze\u0144 milicyjn\u0105<\/em><\/span><\/p>\n<p><span style=\"color: #000080;\"><em>pa\u0142k\u0105 pr\u0119gami na nogach Krzysiek zosta\u0142 przywleczony<\/em><\/span><\/p>\n<p><span style=\"color: #000080;\"><em>do domu przez znajomego. Ten poradzi\u0142 zatai\u0107<\/em><\/span><\/p>\n<p><span style=\"color: #000080;\"><em>przygody ch\u0142opca i bro\u0144 Bo\u017ce nie zg\u0142asza\u0107 si\u0119 do \u017cadnej<\/em><\/span><\/p>\n<p><span style=\"color: #000080;\"><em>przychodni, bo spisz\u0105, przeka\u017c\u0105, gdzie trzeba, i rodzinie<\/em><\/span><\/p>\n<p><span style=\"color: #000080;\"><em>domniemanego wichrzyciela dotkliwie zaszkodz\u0105.<\/em><\/span><\/p>\n<p style=\"text-align: center;\"><em>*<\/em><\/p>\n<p><em>Ch\u0142opiec spodziewa\u0142 si\u0119, \u017ce za ucieczk\u0119 z domu b\u0119dzie<\/em><\/p>\n<p><em>ukarany, jak nigdy dot\u0105d. Tymczasem mama na jego widok<\/em><\/p>\n<p><em>rozp\u0142aka\u0142a si\u0119 i mocno go przytuli\u0142a. Tato zapyta\u0142:<\/em><\/p>\n<p><em>\u2013 Kamieniami chcia\u0142e\u015b rozwali\u0107 w\u0142adz\u0119 ludow\u0105?<\/em><\/p>\n<p style=\"text-align: center;\"><em>.*<\/em><\/p>\n<p><span style=\"color: #000080;\"><em>\u2013 Czym si\u0119 martwisz? \u2013 Pyta\u0142y. \u2013 Przecie\u017c nie wlepi\u0142 ci<\/em><\/span><\/p>\n<p><span style=\"color: #000080;\"><em>mandatu ani ci\u0119 nie spisa\u0142.<\/em><\/span><\/p>\n<p><span style=\"color: #000080;\"><em>\u2013 Wiesz, co\u2026 \u2013 odezwa\u0142a si\u0119 El\u017cunia. \u2013 Wiesz\u2026 Pos\u0142uchaj!<\/em><\/span><\/p>\n<p><span style=\"color: #000080;\"><em>Ten milicjant\u2026 Zauwa\u017cy\u0142am, \u017ce wtedy, kiedy kaza\u0142<\/em><\/span><\/p>\n<p><span style=\"color: #000080;\"><em>ci podnie\u015b\u0107 ten upuszczony papierek, to si\u0119 zarumieni\u0142<\/em><\/span><\/p>\n<p><span style=\"color: #000080;\"><em>jeszcze mocniej ni\u017c ty.<\/em><\/span><\/p>\n<p style=\"text-align: center;\"><em>*<\/em><\/p>\n<p><em>R\u00f3\u017cne by\u0142y teorie i metody na skruszenie serca wpuszczaj\u0105cych<\/em><\/p>\n<p><em>do cyrkowego namiotu. Skuteczne okazywa\u0142o si\u0119<\/em><\/p>\n<p><em>tak namolne proszenie, \u017ceby stoj\u0105cy przy bramie wej\u015bciowej<\/em><\/p>\n<p><em>cyrku mia\u0142 go do\u015b\u0107 i tak mniej wi\u0119cej po pierwszych<\/em><\/p>\n<p><em>wyst\u0119pach wpuszcza\u0142. Inni pr\u00f3bowali swoim zawracaniem<\/em><\/p>\n<p><em>g\u0142owy u\u015bpi\u0107 czujno\u015b\u0107 biletera i umo\u017cliwi\u0107 swoim kolegom<\/em><\/p>\n<p><em>wej\u015bcie bokiem.<\/em><\/p>\n<p style=\"text-align: center;\">\u00a0<\/p>\n<p><em>\u00a0<\/em><\/p>\n<p><span style=\"color: #000080;\"><em>\u2013 Ile Emilka ma lat?<\/em><\/span><\/p>\n<p><span style=\"color: #000080;\"><em>\u2013 Kiedy siostra j\u0105 dosta\u0142a, to ja mia\u0142am cztery lata. Potem<\/em><\/span><\/p>\n<p><span style=\"color: #000080;\"><em>lalka by\u0142a coraz bardziej moja, bo siostra robi\u0142a si\u0119<\/em><\/span><\/p>\n<p><span style=\"color: #000080;\"><em>du\u017ca i przestawa\u0142a si\u0119 ni\u0105 bawi\u0107. Teraz lalka Emilka jest ju\u017c<\/em><\/span><\/p>\n<p><span style=\"color: #000080;\"><em>ca\u0142kiem moja\u2026<\/em><\/span><\/p>\n<p><span style=\"color: #000080;\"><em>\u2013 Umiesz policzy\u0107, ile lala ma lat?<\/em><\/span><\/p>\n<p><span style=\"color: #000080;\"><em>\u2013 Wiem! Emilka ma pi\u0119\u0107 lat.<\/em><\/span><em>\u00a0<\/em><\/p>\n<p style=\"text-align: center;\"><em>*<\/em><em>\u00a0<\/em><\/p>\n<p><em>Nie chcia\u0142, \u017ceby<\/em><\/p>\n<p><em>kto\u015b w te ledwie zagojone miejsca trafi\u0142 cho\u0107by ziemniakiem.<\/em><\/p>\n<p><em>Rany te zadali mu uzbrojeni w pa\u0142ki cywile z milicji<\/em><\/p>\n<p><em>robotniczej. Nie mieli oni nic wsp\u00f3lnego z prawdziwymi<\/em><\/p>\n<p><em>rycerzami, o kt\u00f3rych dzieci, na tydzie\u0144 przed zapowiedzian\u0105<\/em><\/p>\n<p><em>bitw\u0105, dowiadywa\u0142y si\u0119 na zorganizowanych pogadankach<\/em><\/p>\n<p><em>i projekcjach dokumentalnych film\u00f3w.<\/em><em>\u00a0<\/em><\/p>\n<p style=\"text-align: center;\"><em>*.<\/em><\/p>\n<p><span style=\"color: #000080;\"><em>Janina nie zapomnia\u0142a s\u0105siadce tego, \u017ce na jej oczach<\/em><\/span><\/p>\n<p><span style=\"color: #000080;\"><em>uczy\u0142a si\u0119 dopiero sylabizowa\u0107, i tego, \u017ce jej m\u0105\u017c uciek\u0142 od<\/em><\/span><\/p>\n<p><span style=\"color: #000080;\"><em>niej w sin\u0105 dal. Wypowiada\u0142a si\u0119 o niej s\u0142owami, kt\u00f3re us\u0142ysza\u0142a<\/em><\/span><\/p>\n<p><span style=\"color: #000080;\"><em>kiedy\u015b w radio w wypowiedzi pierwszego sekretarza<\/em><\/span><\/p>\n<p><span style=\"color: #000080;\"><em>PZPR W\u0142adys\u0142awa Gomu\u0142ki: \u201eSfanatyzowana dewotka<\/em><\/span><\/p>\n<p><span style=\"color: #000080;\"><em>o pogl\u0105dach dostosowanych do \u015bredniowiecza\u201d.<\/em><\/span><em>\u00a0<\/em><\/p>\n<p style=\"text-align: center;\"><em>*<\/em><\/p>\n<p><em>Najbardziej przeciwni zagospodarowywaniu<\/em><\/p>\n<p><em>oddzielnego dla dzieci pomieszczenia<\/em><\/p>\n<p><em>byli ci, kt\u00f3rzy sami mieli szemran\u0105, by nie powiedzie\u0107 \u2013<\/em><\/p>\n<p><em>przest\u0119pcz\u0105 m\u0142odo\u015b\u0107.<\/em><\/p>\n<p><em>\u2013 Chc\u0105 mie\u0107 swoje kryj\u00f3wki, \u017ceby mog\u0142y w nich robi\u0107<\/em><\/p>\n<p><em>to, z czym chc\u0105 si\u0119 ukry\u0107: pali\u0107 papierosy, pi\u0107 samogon<\/em><\/p>\n<p><em>i jeszcze sprowadza\u0107 dziewczyny \u2013 t\u0142umaczy\u0142 s\u0105siadom<\/em><\/p>\n<p><em>now\u0105 \u201ezachciank\u0119 tych rozwydrzonych dzieciak\u00f3w\u201d do\u015bwiadczony<\/em><\/p>\n<p><em>\u017cyciowo Henryk Rodarowski<\/em><em>.<\/em><\/p>\n<p style=\"text-align: center;\"><em>*<\/em><\/p>\n<p><em>\u2013<span style=\"color: #000080;\"> Szukaj\u0105 miejsca na \u0142ajdaczenie si\u0119 \u2013 przytakiwa\u0142 Staszek<\/span><\/em><\/p>\n<p><span style=\"color: #000080;\"><em>Stawarski.<\/em><\/span><\/p>\n<p><span style=\"color: #000080;\"><em>\u2013 Za bardzo si\u0119 wsz\u0119dzie panosz\u0105. Nie powinno si\u0119<\/em><\/span><\/p>\n<p><span style=\"color: #000080;\"><em>niedorostkom pozwala\u0107, \u017ceby si\u0119 tak szarog\u0119sili! \u2013 uwa\u017ca\u0142<\/em><\/span><\/p>\n<p><span style=\"color: #000080;\"><em>Henryk.<\/em><\/span><\/p>\n<p><span style=\"color: #000080;\"><em>\u2013 Takie puszczanie samopas prowadzi do demoralizacji.<\/em><\/span><\/p>\n<p style=\"text-align: center;\"><em>*<\/em><\/p>\n<p><em>\u017badne z nich nie chcia\u0142o spa\u0107 w jednym pomieszczeniu<\/em><\/p>\n<p><em>z mam\u0105 ani z tat\u0105. Nie chcieli rodzicielskiej kontroli, wykluczaj\u0105cej<\/em><\/p>\n<p><em>nocne czytanie pod ko\u0142dr\u0105 z u\u017cyciem latarki<\/em><\/p>\n<p><em>\u201enieodpowiednich ksi\u0105\u017cek\u201d.<\/em><\/p>\n<p style=\"text-align: center;\"><em>*<\/em><em>\u00a0<\/em><\/p>\n<p><em>\u2013 W zesz\u0142ym roku zauwa\u017cy\u0142em, \u017ce w procesji i w pochodzie<\/em><\/p>\n<p><em>id\u0105 te same osoby.<\/em><\/p>\n<p><em>\u2013 Na Pierwszego Maja chodz\u0119, \u017ceby nie mie\u0107 k\u0142opot\u00f3w<\/em><\/p>\n<p><em>z w\u0142adz\u0105, a na Bo\u017ce Cia\u0142o z Panem Bogiem \u2013 przyzna\u0142 si\u0119<\/em><\/p>\n<p><em>Mariusz, kt\u00f3ry bywa\u0142 i na pochodzie, i na procesji.<\/em><em>\u00a0<\/em><\/p>\n<p style=\"text-align: center;\"><span style=\"color: #000080;\"><em>*<\/em><\/span><\/p>\n<p><span style=\"color: #000080;\"><em>Ch\u0142opcy zapomnieli o tym, \u017ce znajduj\u0105 si\u0119 w miejscu<\/em><\/span><\/p>\n<p><span style=\"color: #000080;\"><em>publicznym i wzbudzaj\u0105 zainteresowanie przechodni\u00f3w.<\/em><\/span><\/p>\n<p><span style=\"color: #000080;\"><em>Kilkoro z nich o do\u015b\u0107 nijakiej powierzchowno\u015bci zatrzyma\u0142o<\/em><\/span><\/p>\n<p><span style=\"color: #000080;\"><em>si\u0119 do\u015b\u0107 blisko, bo przy tablicach og\u0142oszeniowych<\/em><\/span><\/p>\n<p><span style=\"color: #000080;\"><em>teatru, i najwyra\u017aniej ich przez chwil\u0119 pods\u0142uchiwa\u0142o<\/em><\/span><\/p>\n<p style=\"text-align: center;\"><em>*<\/em><\/p>\n<p><em>O wydarzeniach zielonog\u00f3rskich tch\u00f3rzliwie szeptano<\/em><\/p>\n<p><em>po k\u0105tach, jakby \u017cadnej ze stron konfliktu nie przynios\u0142y<\/em><\/p>\n<p><em>one chwa\u0142y i jakby nikt, jak na razie, nie stara\u0142 si\u0119 o to,<\/em><\/p>\n<p><em>\u017ceby przesz\u0142y one do historii.<\/em><\/p>\n<p style=\"text-align: center;\"><em>*<\/em><\/p>\n<p><span style=\"color: #000080;\"><em>Potem, po \u201ebitwie o strych\u201d, obie<\/em><\/span><\/p>\n<p><span style=\"color: #000080;\"><em>mamusie kategorycznie zakaza\u0142y utrzymywania kontakt\u00f3w<\/em><\/span><\/p>\n<p><span style=\"color: #000080;\"><em>z dzie\u0107mi ze zwa\u015bnionej rodziny, co czyni\u0142o ich spotkania<\/em><\/span><\/p>\n<p><span style=\"color: #000080;\"><em>o wiele ciekawszymi. Gra\u017cynka i Mariusz wykorzystywali<\/em><\/span><\/p>\n<p><span style=\"color: #000080;\"><em>ka\u017cdy moment, kiedy nikt ich nie widzia\u0142 ani nie s\u0142ysza\u0142, \u017ceby<\/em><\/span><\/p>\n<p><span style=\"color: #000080;\"><em>serdecznie ze sob\u0105 pogada\u0107. Szeptanina po k\u0105tach mia\u0142a urok<\/em><\/span><\/p>\n<p><span style=\"color: #000080;\"><em>konspiracji i tajemniczo\u015bci.<\/em><\/span><\/p>\n<p style=\"text-align: center;\"><em>*<\/em><\/p>\n<p><em>Czasem zdarzy\u0142o si\u0119<\/em><\/p>\n<p><em>spotka\u0107 jego spojrzenie i u\u015bmiech. Wtedy mia\u0142a je przed<\/em><\/p>\n<p><em>oczyma przez ca\u0142y dzie\u0144 i noc. Marzy\u0142a, \u017ceby jeszcze raz<\/em><\/p>\n<p><em>tak samo popatrzy\u0142.<\/em><em>\u00a0<\/em><\/p>\n<p style=\"text-align: center;\"><em>*<\/em><\/p>\n<p><span style=\"color: #000080;\"><em>W li\u015bcie wujek Antek jasno przedstawi\u0142 sw\u00f3j pogl\u0105d<\/em><\/span><\/p>\n<p><span style=\"color: #000080;\"><em>o ambicjach edukacyjnych kobiet: <\/em><em>Studiowanie albo przyuczanie<\/em><\/span><\/p>\n<p><span style=\"color: #000080;\"><em>si\u0119 do zawodu jest dla brzydkich dziewczyn. Takie<\/em><\/span><\/p>\n<p><span style=\"color: #000080;\"><em>urodziwe, jak moja siostrzenica, wychodz\u0105 za m\u0105\u017c.<\/em><\/span><\/p>\n<p style=\"text-align: center;\"><em>*<\/em><\/p>\n<p><em>\u2013 Dziewczyny s\u0105 po to, \u017ceby\u015bmy my mieli przed kim<\/em><\/p>\n<p><em>si\u0119 popisa\u0107 albo \u017ceby\u015bmy mogli wam co\u015b opowiedzie\u0107 albo<\/em><\/p>\n<p><em>wyt\u0142umaczy\u0107.<\/em><\/p>\n<p style=\"text-align: center;\"><em>*.<\/em><\/p>\n<p><span style=\"color: #000080;\"><em>\u2013 Ja tam wybieram ch\u0142opc\u00f3w, kt\u00f3rzy potrafi\u0105 mnie rozweseli\u0107,<\/em><\/span><\/p>\n<p><span style=\"color: #000080;\"><em>a z niego taki niepozorny milczek\u2026 Sta\u0107 j\u0105 na<\/em><\/span><\/p>\n<p><span style=\"color: #000080;\"><em>kogo\u015b lepszego. Poza tym on ma tr\u0105dzik!<\/em><\/span><\/p>\n<p style=\"text-align: center;\"><em>*<\/em><\/p>\n<p><em>\u2013 Nie przeszkadzaj, zrobi\u0119 to szybciej \u2013 tak reagowali<\/em><\/p>\n<p><em>koledzy, kiedy dziewcz\u0119ce r\u0105czki usi\u0142owa\u0142y samodzielnie<\/em><\/p>\n<p><em>czego\u015b dokona\u0107.<\/em><\/p>\n<p><em>Takimi s\u0142owami ch\u0142opcy spychali swoje kole\u017canki do<\/em><\/p>\n<p><em>roli sekretarek. Do momentu zmontowania i sprawdzenia<\/em><\/p>\n<p><em>uk\u0142adu traktowali je jak szyb\u0119.<\/em><\/p>\n<p style=\"text-align: center;\"><em>*<\/em><\/p>\n<p><span style=\"color: #000080;\"><em>\u2013 Tracisz, Gra\u017cka, ca\u0142\u0105 swoj\u0105 dziewcz\u0119co\u015b\u0107, to jest,<\/em><\/span><\/p>\n<p><span style=\"color: #000080;\"><em>chcia\u0142em powiedzie\u0107, kobieco\u015b\u0107 \u2013 powiedzia\u0142 jej szczerze<\/em><\/span><\/p>\n<p><span style=\"color: #000080;\"><em>jeden z klasowych amant\u00f3w.<\/em><\/span><\/p>\n<p><span style=\"color: #000080;\"><em>\u2013 Dlaczego?<\/em><\/span><\/p>\n<p><span style=\"color: #000080;\"><em>\u2013 Wida\u0107 po tobie, \u017ce chcia\u0142aby\u015b jednych z nas dogoni\u0107,<\/em><\/span><\/p>\n<p><span style=\"color: #000080;\"><em>a drugich przegoni\u0107, a to kobiecie nie pasuje.<\/em><\/span><\/p>\n<p><em>\u00a0<\/em><\/p>\n<p><em>\u00a0<\/em><\/p>\n<p><em>\u00a0<\/em><\/p>\n<p><em>\u00a0<\/em><\/p>\n<p><em>\u00a0<\/em><\/p>","protected":false},"excerpt":{"rendered":"<p>Wybrane fragmenty &#8222;Marcowego strychu&#8221;\u00a0 \u00a0 Po wojnie zdecydowa\u0142a si\u0119 te fakty zatai\u0107 nawet przed m\u0119\u017cem, bo wiedzia\u0142a o tym, \u017ce opowiedziane zgodnie z prawd\u0105 mog\u0142yby u nadgorliwych i brutalnych Funkcjonariuszy Ministerstwa Bezpiecze\u0144stwa Publicznego wywo\u0142a\u0107 podejrzenie o szpiegostwo. \u00a0 * \u00a0 \u2013 Posmakowa\u0142a swoich pieni\u0105\u017ck\u00f3w i natychmiast zapomnia\u0142a, jak si\u0119 robi makaron. \u2013 To ta ich [&hellip;]<\/p>\n","protected":false},"author":1,"featured_media":0,"parent":1542,"menu_order":0,"comment_status":"closed","ping_status":"closed","template":"","meta":{"footnotes":""},"class_list":["post-1812","page","type-page","status-publish","hentry","post-preview"],"_links":{"self":[{"href":"https:\/\/halinagrochowska.pl\/index.php?rest_route=\/wp\/v2\/pages\/1812","targetHints":{"allow":["GET"]}}],"collection":[{"href":"https:\/\/halinagrochowska.pl\/index.php?rest_route=\/wp\/v2\/pages"}],"about":[{"href":"https:\/\/halinagrochowska.pl\/index.php?rest_route=\/wp\/v2\/types\/page"}],"author":[{"embeddable":true,"href":"https:\/\/halinagrochowska.pl\/index.php?rest_route=\/wp\/v2\/users\/1"}],"replies":[{"embeddable":true,"href":"https:\/\/halinagrochowska.pl\/index.php?rest_route=%2Fwp%2Fv2%2Fcomments&post=1812"}],"version-history":[{"count":3,"href":"https:\/\/halinagrochowska.pl\/index.php?rest_route=\/wp\/v2\/pages\/1812\/revisions"}],"predecessor-version":[{"id":1852,"href":"https:\/\/halinagrochowska.pl\/index.php?rest_route=\/wp\/v2\/pages\/1812\/revisions\/1852"}],"up":[{"embeddable":true,"href":"https:\/\/halinagrochowska.pl\/index.php?rest_route=\/wp\/v2\/pages\/1542"}],"wp:attachment":[{"href":"https:\/\/halinagrochowska.pl\/index.php?rest_route=%2Fwp%2Fv2%2Fmedia&parent=1812"}],"curies":[{"name":"wp","href":"https:\/\/api.w.org\/{rel}","templated":true}]}}