{"id":1532,"date":"2021-12-04T08:31:10","date_gmt":"2021-12-04T07:31:10","guid":{"rendered":"http:\/\/halinagrochowska.pl\/?page_id=1532"},"modified":"2024-10-24T09:11:38","modified_gmt":"2024-10-24T08:11:38","slug":"pazdziernikowa-pralnia","status":"publish","type":"page","link":"https:\/\/halinagrochowska.pl\/?page_id=1532","title":{"rendered":"Pa\u017adziernikowa  pralnia"},"content":{"rendered":"\n<p> W  2032 roku Warszawska Firma Wydawnicza wyda\u0142a now\u0105 wersj\u0119 &#8222;Pa\u017adziernikowej pralni&#8221;.<\/p>\n\n\n\n<figure class=\"wp-block-image size-large\"><img fetchpriority=\"high\" decoding=\"async\" width=\"1024\" height=\"692\" src=\"https:\/\/halinagrochowska.pl\/wp-content\/uploads\/2024\/10\/Pazdziernikowa-pralnia2-1024x692.jpg\" alt=\"\" class=\"wp-image-1848\" srcset=\"https:\/\/halinagrochowska.pl\/wp-content\/uploads\/2024\/10\/Pazdziernikowa-pralnia2-1024x692.jpg 1024w, https:\/\/halinagrochowska.pl\/wp-content\/uploads\/2024\/10\/Pazdziernikowa-pralnia2-300x203.jpg 300w, https:\/\/halinagrochowska.pl\/wp-content\/uploads\/2024\/10\/Pazdziernikowa-pralnia2-768x519.jpg 768w, https:\/\/halinagrochowska.pl\/wp-content\/uploads\/2024\/10\/Pazdziernikowa-pralnia2-1536x1037.jpg 1536w, https:\/\/halinagrochowska.pl\/wp-content\/uploads\/2024\/10\/Pazdziernikowa-pralnia2-2048x1383.jpg 2048w, https:\/\/halinagrochowska.pl\/wp-content\/uploads\/2024\/10\/Pazdziernikowa-pralnia2-676x457.jpg 676w\" sizes=\"(max-width: 1024px) 100vw, 1024px\" \/><\/figure>\n\n\n<p>\u00a0<em><span style=\"color: #0000ff;\">Wybrane cytaty powie\u015bci\u00a0<\/span><\/em><\/p>\n<p><strong><em>\u00a0<\/em><\/strong><\/p>\n<p><strong><em>\u00a0<\/em><\/strong><span style=\"color: #800080;\"><em>\u00a0\u201eZg\u0142upieli wszyscy od tych szk\u00f3\u0142! <\/em><\/span><\/p>\n<p><span style=\"color: #800080;\"><em>\u2013 Dojdzie do tego, \u017ce nawet do pilnowania dzieci i do wycierania ich smark\u00f3w, b\u0119d\u0105 przyjmowa\u0107 magistr\u00f3w.<\/em><em>. \u201e<\/em><\/span><\/p>\n<p><span style=\"color: #800080;\"><em>\u00a0<\/em><\/span><\/p>\n<p><span style=\"color: #800080;\"><em>\u201e &#8211; G\u0142owa mog\u0142aby p\u0119kn\u0105\u0107 od jego \u201epo co\u201d i \u201edlaczego\u201d. \u00a0Pan nie wie, \u017ce on potrafi\u0142by tak zawraca\u0107 mi g\u0142ow\u0119 ca\u0142y dzie\u0144, gdybym na to pozwoli\u0142a. Nic bym wtedy w domu nie zrobi\u0142a, bo ci\u0105gle bym mu tylko odpowiada\u0142a. Nie odgoni\u0142abym si\u0119 od niego. <\/em><\/span><\/p>\n<p><span style=\"color: #800080;\"><em>\u2013 Nie chcia\u0142aby pani, \u017ceby dziecko du\u017co wiedzia\u0142o i du\u017co rozumia\u0142o? <\/em><\/span><\/p>\n<p><span style=\"color: #800080;\"><em>\u2013 Nie chc\u0119, bo wtedy szybko zacznie pyskowa\u0107 i b\u0119dzie pokazywa\u0107 te swoje m\u0105dro\u015bci, jak to jajko m\u0105drzejsze od kury\u201d.<\/em><\/span><\/p>\n<p><span style=\"color: #800080;\"><em>\u00a0<\/em><\/span><\/p>\n<p><span style=\"color: #800080;\"><em>\u00a0 \u201e Franek mia\u0142 pomys\u0142, \u017ceby dla \u017cartu na portrecie Boles\u0142awa Bieruta<\/em><\/span><\/p>\n<p><span style=\"color: #800080;\"><em>\u00a0albo J\u00f3zefa Stalina domalowa\u0107, albo dolepi\u0107 plastelin\u0105 w\u0105sy i okulary.<\/em><\/span><\/p>\n<p><span style=\"color: #800080;\"><em>\u2013 Nikomu nie stanie si\u0119 krzywda ani k\u0142opot \u2013 uzasadnia\u0142. \u2013 Przecie\u017c taki malunek mo\u017cna zetrze\u0107 ze szk\u0142a \u015bcierk\u0105, a plastelin\u0119 odlepi\u0107. <\/em><\/span><\/p>\n<p><span style=\"color: #800080;\"><em>\u2013 Zwariowa\u0142e\u015b! \u2013 Kilku koleg\u00f3w by\u0142o przera\u017conych lekkomy\u015blno\u015bci\u0105 pomys\u0142odawcy. <\/em><\/span><\/p>\n<p><span style=\"color: #800080;\"><em>\u2013 Przez g\u0142upka trafimy na par\u0119 lat do Jaworzna! <\/em><\/span><\/p>\n<p><span style=\"color: #800080;\"><em>\u2013 To b\u0119dzie potraktowane jako zniewa\u017canie przyw\u00f3dc\u00f3w pa\u0144stwa i partii!<\/em><\/span><\/p>\n<p><span style=\"color: #800080;\"><em>Postanowiono, \u017ce pierwszego kwietnia, w tajemnicy przed klasowymi dy\u017curnymi odpowiedzialnymi za tablic\u0119 szkoln\u0105, natr\u0105 j\u0105 smalcem.\u201d<\/em><em>\u00a0<\/em><\/span><\/p>\n<p><span style=\"color: #800080;\"><em>\u00a0<\/em><\/span><\/p>\n<p><span style=\"color: #800080;\"><em>\u201e\u2013 Nie wiadomo, czy przy jednym radiu byliby zgodni. Ka\u017cdy, kto co\u015b us\u0142ysza\u0142, m\u00f3g\u0142by rozumie\u0107 to w inny spos\u00f3b. <\/em><\/span><\/p>\n<p><span style=\"color: #800080;\"><em>\u2013 No to dobrze, \u017ce chocia\u017c w\u00f3dka ich czasem pogodzi.\u201d<\/em><em>\u00a0<\/em><\/span><\/p>\n<p><span style=\"color: #800080;\"><em>\u00a0<\/em><\/span><\/p>\n<p><span style=\"color: #800080;\"><em>\u201eJaninka przedyskutowa\u0142a spraw\u0119 dostania dla c\u00f3reczek przedszkola z s\u0105siadk\u0105 babci\u0105 Pelagi\u0105.<\/em><\/span><\/p>\n<p><span style=\"color: #800080;\"><em>\u2013 Dodaj w podaniu informacj\u0119, \u017ce b\u0119dziesz na mi\u0119sie, a przekonasz si\u0119, \u017ce lepiej ciebie potraktuj\u0105 \u2013 poradzi\u0142a po namy\u015ble do\u015bwiadczona kobieta.<\/em><\/span><\/p>\n<p><span style=\"color: #800080;\"><em>\u00a0\u2013 Na przyk\u0142ad w taki spos\u00f3b: \u201eDosta\u0142am zatrudnienie w trudnym i spo\u0142ecznie wa\u017cnym odcinku gospodarki, bo w sklepie mi\u0119snym\u201d.<\/em><\/span><\/p>\n<p><span style=\"color: #800080;\"><em>\u2013 Ka\u017cdy rozpatruj\u0105cy podanie b\u0119dzie chcia\u0142 mie\u0107 ci\u0119 za znajom\u0105<\/em><\/span><\/p>\n<p><span style=\"color: #800080;\"><em>i m\u00f3c poprosi\u0107 o przys\u0142ug\u0119 \u2013 t\u0142umaczy\u0142a babcia Pelagia.\u201d<\/em><strong><em>\u00a0<\/em><\/strong><\/span><\/p>\n<p><span style=\"color: #800080;\"><em>\u00a0<\/em><\/span><\/p>\n<p><span style=\"color: #800080;\"><em>\u00a0\u201e Pierwszy raz w \u017cyciu Gra\u017cynka zda\u0142a sobie spraw\u0119, \u017ce nie wszystkie ch\u0142opaki s\u0105 g\u0142upie i z\u0142o\u015bliwe. Mariusz chyba taki nie by\u0142. Nie mog\u0142a okaza\u0107 ch\u0142opakowi wdzi\u0119czno\u015bci za zrozumienie, bo ba\u0142a si\u0119 dokuczania kole\u017ce\u0144stwa z podw\u00f3rka. Gdyby uznali, \u017ce maj\u0105 si\u0119 ku sobie, zacz\u0119liby za nimi wo\u0142a\u0107: \u201e Panna z kawalerem pod si\u00f3dmym numerem! Ciu\u015b, ciu\u015b!\u201d, robi\u0105c przy tym palcami gest skrobania marchewki, oznaczaj\u0105cy, \u017ce bardzo, ale to bardzo wstyd!\u201d<\/em><em>\u00a0<\/em><\/span><\/p>\n<p><span style=\"color: #800080;\"><em>\u00a0<\/em><\/span><\/p>\n<p><span style=\"color: #800080;\"><em>\u201e- Gwiazdor to pan przebrany w czerwony p\u0142aszcz i czap\u0119 z dopi\u0119t\u0105 brod\u0105, kt\u00f3ry udaje Dziadka Mroza albo \u015awi\u0119tego Miko\u0142aja i rozdaje paczki przygotowane przez rodzic\u00f3w.<\/em><\/span><\/p>\n<p><span style=\"color: #800080;\"><em>&#8211; Gwiazdor jest ze wszystkich Miko\u0142aj\u00f3w najbardziej prawdziwy.\u201d<\/em><em>\u00a0<\/em><\/span><\/p>\n<p><span style=\"color: #800080;\"><em>\u00a0<\/em><\/span><\/p>\n<p><span style=\"color: #800080;\"><em>\u201e M\u00f3wi\u0142a wszystkim napotkanym doros\u0142ym, znajomym i nieznajomym \u201edzie\u0144 dobry\u201d, po to, \u017ceby zauwa\u017cyli, \u017ce prowadzi ona mniejsze dziecko za r\u0105czk\u0119..<\/em><\/span><\/p>\n<p><span style=\"color: #800080;\"><em>R\u00f3\u017cowia\u0142a z dumy za ka\u017cdym razem, gdy kto\u015b odprowadza\u0142 dziewczynki wzrokiem. <\/em><\/span><\/p>\n<p><span style=\"color: #800080;\"><em>\u00a0Mia\u0142a zawieszony na tasiemce u szyi klucz. Rodzice kazali go chowa\u0107<\/em><\/span><\/p>\n<p><span style=\"color: #800080;\"><em>pod fartuszkiem, ale ona wola\u0142a, \u017ceby ludzie ten klucz widzieli.\u201d<\/em><em>\u00a0<\/em><\/span><\/p>\n<p><span style=\"color: #800080;\"><em>\u00a0<\/em><\/span><\/p>\n<p><span style=\"color: #800080;\"><em>\u201e Kowalicha m\u00f3wi\u0142a mojej mamie tak:<\/em><\/span><\/p>\n<p><span style=\"color: #800080;\"><em>\u00a0&#8211; \u201eWidzisz, jak to jest, m\u0119\u017ca nie ma, dziecko jest\u201d. <\/em><\/span><\/p>\n<p><span style=\"color: #800080;\"><em>\u00a0&#8211; To ja wtedy pomy\u015bla\u0142am, \u017ce nie musi by\u0107 m\u0105\u017c.<\/em><\/span><\/p>\n<p><span style=\"color: #800080;\"><em>\u2013 M\u0105\u017c nie musi by\u0107, ale jaki\u015b ojciec musi.<\/em><\/span><\/p>\n<p><span style=\"color: #800080;\"><em>\u2013 Jak to? Przecie\u017c tato, to zawsze jest m\u0105\u017c mamusi!<\/em><\/span><\/p>\n<p><span style=\"color: #800080;\"><em>\u2013 Nie zawsze! \u2013 Ze \u015bmiechem powiedzia\u0142y znaj\u0105ce ju\u017c \u017cycie <\/em><em>dziewczyny.\u201d<\/em><em>. <\/em><\/span><\/p>\n<p><span style=\"color: #800080;\"><em>\u00a0<\/em><\/span><\/p>\n<p><span style=\"color: #800080;\"><em>\u00a0\u201e Gra\u017cynka wiedzia\u0142a ju\u017c o tym, \u017ce doro\u015bli, przede wszystkim mamusie, najcz\u0119\u015bciej podejmuj\u0105 najciekawsze tematy wtedy, gdy \u015bciszaj\u0105 g\u0142os, rozgl\u0105daj\u0105 si\u0119 uwa\u017cnie naoko\u0142o i sprawdzaj\u0105, czy akurat dziecko si\u0119 nie przys\u0142uchuje. Wtedy, nawet jak m\u00f3wi\u0105 o czym\u015b niezrozumia\u0142ym, to warto wszy\u015bciutko, co do s\u0142owa zapami\u0119ta\u0107 i powt\u00f3rzy\u0107 Justynie albo Ma\u0142gosi, \u017ceby wszystko wyt\u0142umaczy\u0142y.\u201d<\/em><em>\u00a0<\/em><\/span><\/p>\n<p><span style=\"color: #800080;\"><em>\u00a0<\/em><\/span><\/p>\n<p><span style=\"color: #800080;\"><em>\u201e Wszystkie matki po kolei, zachodzi\u0142y jedna do drugiej, opowiedzie\u0107 o wydarzeniu i przekaza\u0107 ostrze\u017cenie, \u017ce wszystkie ch\u0142opi\u0119ce proce nale\u017cy obowi\u0105zkowo spali\u0107 w piecu, a dzieciaki ostrzec, by czasem \u017cadne z nich<\/em><\/span><\/p>\n<p><span style=\"color: #800080;\"><em>nie przyzna\u0142o si\u0119 do tego, \u017ce jak\u0105kolwiek proc\u0119 widzia\u0142o, albo o niej wie.<\/em><\/span><\/p>\n<p><span style=\"color: #800080;\"><em>W razie, gdyby dziecku nie uda\u0142o si\u0119 przed milicjantem<\/em><\/span><\/p>\n<p><span style=\"color: #800080;\"><em>czmychn\u0105\u0107 na czas, to przy zatrzymaniu, mia\u0142o nie okazywa\u0107 strachu, tylko na wszelkie pytania odpowiada\u0107 dwoma s\u0142owami:<\/em><\/span><\/p>\n<p><span style=\"color: #800080;\"><em>\u2013 Nie wiem!\u201d<\/em><em>\u00a0<\/em><\/span><\/p>\n<p><span style=\"color: #800080;\"><em>\u00a0<\/em><\/span><\/p>\n<p><span style=\"color: #800080;\"><em>\u00a0\u201e Mariuszek Kaleta fascynowa\u0142 si\u0119 wytworn\u0105 blond pi\u0119kno\u015bci\u0105 troch\u0119 inaczej ni\u017c inne dzieci. Jemu nie chodzi\u0142o o to, by to cudo w falbankach poko\u0142ysa\u0107, tylko o to, aby sprawdzi\u0107, jak p\u0142ynnie poruszaj\u0105 si\u0119 ga\u0142ki oczne wraz z przechy\u0142em. <\/em><\/span><\/p>\n<p><span style=\"color: #800080;\"><em>\u2013 Co to za element \u2013 zastanawia\u0142 si\u0119 \u2013 pozwala p\u0142ynnie porusza\u0107 si\u0119 tym pi\u0119knym szklanym oczom lalki. Marzy\u0142 o tym, \u017ceby na w\u0142asne oczy obejrze\u0107 mechanizm od spodu.\u201d<\/em><\/span><\/p>\n<p><span style=\"color: #800080;\"><em>\u00a0<\/em><\/span><\/p>\n<p><span style=\"color: #800080;\"><em>\u00a0\u201e Za frajd\u0119 za\u0142o\u017cenia na plecy tornistra i odgrywanie, chocia\u017c w czasie kr\u00f3tkiego przej\u015bcia ulic\u0105, roli uczennicy, pi\u0119ciolatka oddawa\u0142a siostrze swoj\u0105 s\u0142odk\u0105 porcj\u0119 z przedszkola \u2013 lukrowan\u0105 dro\u017cd\u017c\u00f3wk\u0119. Te pychotki by\u0142y podawane w przedszkolu na podwieczorek i Bo\u017cenka obchodzi\u0142a si\u0119 smakiem, \u017ceby mie\u0107 przywilej niesienia tornistra. Sz\u0142a dumna ze sporym ci\u0119\u017carem na plecach, tak, jakby ju\u017c by\u0142a nie byle kim, tylko uczennic\u0105<\/em><em>.. \u201e<\/em><\/span><\/p>\n<p><span style=\"color: #800080;\"><em>\u00a0<\/em><\/span><\/p>\n<p><span style=\"color: #800080;\"><em>\u00a0\u201e \u2013 Kto nie wypije, ten kapu\u015b! \u2013 bu\u0144czucznie zawo\u0142a\u0142 ma\u0142y Krzy\u015b, bezb\u0142\u0119dnie odtwarzaj\u0105c wypowiedzian\u0105 kwesti\u0119 i kojarz\u0105c sobie napoje, o kt\u00f3re wujkowi chodzi\u0142o. Najpierw spr\u00f3bowa\u0142 Mariuszek i stwierdzi\u0142, \u017ce niedobre, bo grzeje jak pokrzywa. Micha\u0142 i Gra\u017cynka te\u017c sprawdzili i potwierdzili, \u017ce niedobre, bo drapie w gard\u0142o. Potem sprawdzili, co to jest takiego czerwonego i r\u00f3\u017cowego w eleganckich naczyniach na n\u00f3\u017ckach. Zdaniem Gra\u017cynki by\u0142o wino i nie by\u0142o ju\u017c tak wstr\u0119tne jak w\u00f3dka. Przynajmniej ta w bia\u0142ym kolorze. Po wypiciu Gra\u017cynce zrobi\u0142o si\u0119 weselej. Przypomnia\u0142a zawo\u0142anie, kt\u00f3re us\u0142ysza\u0142a na dzisiejszej biesiadzie i kt\u00f3re wywo\u0142a\u0142o salw\u0119 \u015bmiechu: <\/em><\/span><\/p>\n<p><span style=\"color: #800080;\"><strong><em>\u00a0\u2013 <\/em><\/strong><em>Majtki w d\u00f3\u0142, forsa na st\u00f3\u0142! \u2013 Powt\u00f3rzy\u0142a tak samo g\u0142o\u015bno i weso\u0142o jak ciocia Wanda. Zawo\u0142anie to wcale nie zrobi\u0142o wra\u017cenia na jej kolegach.\u201d<\/em><\/span><span style=\"color: #800080;\"><em>\u00a0<\/em><\/span><\/p>\n<p>\u00a0<\/p>\n\n\n<p class=\"has-accent-color has-text-color\">&#8222;Pa\u017adziernikowa pralnia&#8221; w almanachu<\/p>\n\n\n<p><em><span class=\"x193iq5w xeuugli x13faqbe x1vvkbs x1xmvt09 x1lliihq x1s928wv xhkezso x1gmr53x x1cpjm7i x1fgarty x1943h6x xudqn12 x3x7a5m x6prxxf xvq8zen xo1l8bm xzsf02u x1yc453h\" dir=\"auto\">W przepi\u0119knie opracowanym wydanym almanachu literacko- fotograficzny \u2013 Zielona G\u00f3ra w poezji i prozie, wydanym z okazji 800- lecia powstania Zielonej G\u00f3ry i 700- lecia nadania praw miejskich znalaz\u0142o si\u0119 miejsce dla fragment\u00f3w \u201ePa\u017adziernikowej pralni\u201d . S\u0105 one&nbsp; zatytu\u0142owane \u201eZa przygod\u0105\u201d.<\/span><\/em><\/p>\n\n<div class=\"wp-block-image\">\n<figure class=\"alignright size-large is-resized\"><img decoding=\"async\" width=\"919\" height=\"1024\" src=\"https:\/\/halinagrochowska.pl\/wp-content\/uploads\/2022\/11\/Almanach-919x1024.jpg\" alt=\"\" class=\"wp-image-1749\" style=\"width:289px;height:322px\" srcset=\"https:\/\/halinagrochowska.pl\/wp-content\/uploads\/2022\/11\/Almanach-919x1024.jpg 919w, https:\/\/halinagrochowska.pl\/wp-content\/uploads\/2022\/11\/Almanach-269x300.jpg 269w, https:\/\/halinagrochowska.pl\/wp-content\/uploads\/2022\/11\/Almanach-768x855.jpg 768w, https:\/\/halinagrochowska.pl\/wp-content\/uploads\/2022\/11\/Almanach-1379x1536.jpg 1379w, https:\/\/halinagrochowska.pl\/wp-content\/uploads\/2022\/11\/Almanach-676x753.jpg 676w, https:\/\/halinagrochowska.pl\/wp-content\/uploads\/2022\/11\/Almanach.jpg 1791w\" sizes=\"(max-width: 919px) 100vw, 919px\" \/><\/figure>\n<\/div>\n\n<div class=\"wp-block-image\">\n<figure class=\"alignleft size-large is-resized\"><img decoding=\"async\" src=\"https:\/\/halinagrochowska.pl\/wp-content\/uploads\/2022\/11\/Winiarka-1024x1024.jpg\" alt=\"\" class=\"wp-image-1748\" style=\"width:329px;height:329px\"\/><\/figure>\n<\/div>\n\n\n<figure class=\"wp-block-image size-full is-resized\"><img decoding=\"async\" src=\"https:\/\/halinagrochowska.pl\/wp-content\/uploads\/2021\/12\/pazdziernikowa-pralnia.jpg\" alt=\"\" class=\"wp-image-1533\" style=\"width:376px;height:433px\"\/><\/figure>\n\n\n\n<figure class=\"wp-block-image size-full is-resized\"><img decoding=\"async\" src=\"https:\/\/halinagrochowska.pl\/wp-content\/uploads\/2021\/12\/pazdziernikowa-pralnia-1.jpg\" alt=\"\" class=\"wp-image-1565\" style=\"width:384px;height:442px\"\/><\/figure>\n\n\n\n<p>Blurb<\/p>\n\n\n\n<p>W ponurej epoce stalinowskiego PRL-u mieszka\u0144com zielonog\u00f3rskiego podw\u00f3rka s\u0105siedzka wi\u0119\u017a pozwala\u0142a wyj\u015b\u0107 ca\u0142o z niejednej opresji, uzyska\u0107 dobr\u0105 rad\u0119, wsparcie w wychodzeniu z analfabetyzmu, a nawet, sprowadzi\u0107 u\u015bmiech.<br>Bohater\u00f3w powie\u015bci scali\u0142a trudna codzienno\u015b\u0107, wzajemna pomoc w zdobywaniu nieosi\u0105galnych w oficjalnej sprzeda\u017cy towar\u00f3w, hodowli, w zamaskowanym na podw\u00f3rku miejscu kr\u00f3lik\u00f3w czy wieprzka i podzia\u0142u wykopanego przy zak\u0142adaniu podw\u00f3rkowego warzywniaka skarbu.<br>Zaufanie, jakie do siebie mieli, pozwala\u0142o im, przy samogonie albo w\u00f3dce wypitej w podw\u00f3rkowej pralni, swobodnie rozmawia\u0107 o tym, co by\u0142o zatajone w publicznych \u015brodkach przekazu.<br>Swoim pociechom rodzice wpoili zasad\u0119 wypowiadania si\u0119 o podw\u00f3rkowych i rodzinnych sprawach dwoma s\u0142owami nie wiem&#8221;. Nie zdo\u0142ali za to, nawet u\u017cywaj\u0105c paska albo dyscypliny, skutecznie zakaza\u0107 im niebezpiecznych zabaw: strzelania z procy, podchod\u00f3w&#8221; po okolicznych przybud\u00f3wkach i wypraw na szaber.<br>W\u015br\u00f3d dzieci\u0119cej ferajny kwit\u0142a przyja\u017a\u0144 Gra\u017cynki i Mariuszka. Droczyli si\u0119 ze sob\u0105 z tak silnym upodobaniem, jakby mia\u0142o ono przetrwa\u0107 wiele lat\u2026<\/p>\n\n\n\n<p><\/p>\n","protected":false},"excerpt":{"rendered":"<p>W 2032 roku Warszawska Firma Wydawnicza wyda\u0142a now\u0105 wersj\u0119 &#8222;Pa\u017adziernikowej pralni&#8221;. \u00a0Wybrane cytaty powie\u015bci\u00a0 \u00a0 \u00a0\u00a0\u201eZg\u0142upieli wszyscy od tych szk\u00f3\u0142! \u2013 Dojdzie do tego, \u017ce nawet do pilnowania dzieci i do wycierania ich smark\u00f3w, b\u0119d\u0105 przyjmowa\u0107 magistr\u00f3w.. \u201e \u00a0 \u201e &#8211; G\u0142owa mog\u0142aby p\u0119kn\u0105\u0107 od jego \u201epo co\u201d i \u201edlaczego\u201d. \u00a0Pan nie wie, \u017ce on [&hellip;]<\/p>\n","protected":false},"author":1,"featured_media":0,"parent":1542,"menu_order":4,"comment_status":"closed","ping_status":"closed","template":"","meta":{"footnotes":""},"class_list":["post-1532","page","type-page","status-publish","hentry","post-preview"],"_links":{"self":[{"href":"https:\/\/halinagrochowska.pl\/index.php?rest_route=\/wp\/v2\/pages\/1532","targetHints":{"allow":["GET"]}}],"collection":[{"href":"https:\/\/halinagrochowska.pl\/index.php?rest_route=\/wp\/v2\/pages"}],"about":[{"href":"https:\/\/halinagrochowska.pl\/index.php?rest_route=\/wp\/v2\/types\/page"}],"author":[{"embeddable":true,"href":"https:\/\/halinagrochowska.pl\/index.php?rest_route=\/wp\/v2\/users\/1"}],"replies":[{"embeddable":true,"href":"https:\/\/halinagrochowska.pl\/index.php?rest_route=%2Fwp%2Fv2%2Fcomments&post=1532"}],"version-history":[{"count":9,"href":"https:\/\/halinagrochowska.pl\/index.php?rest_route=\/wp\/v2\/pages\/1532\/revisions"}],"predecessor-version":[{"id":1849,"href":"https:\/\/halinagrochowska.pl\/index.php?rest_route=\/wp\/v2\/pages\/1532\/revisions\/1849"}],"up":[{"embeddable":true,"href":"https:\/\/halinagrochowska.pl\/index.php?rest_route=\/wp\/v2\/pages\/1542"}],"wp:attachment":[{"href":"https:\/\/halinagrochowska.pl\/index.php?rest_route=%2Fwp%2Fv2%2Fmedia&parent=1532"}],"curies":[{"name":"wp","href":"https:\/\/api.w.org\/{rel}","templated":true}]}}